{"id":19421,"date":"2016-05-10T10:34:38","date_gmt":"2016-05-10T09:34:38","guid":{"rendered":"https:\/\/producta.comzh-hans\/mentions-legales\/"},"modified":"2022-06-21T11:01:21","modified_gmt":"2022-06-21T09:01:21","slug":"mentions-legales","status":"publish","type":"page","link":"https:\/\/producta.com\/zh-hans\/mentions-legales\/","title":{"rendered":"\u6cd5\u5f8b\u58f0\u660e"},"content":{"rendered":"<p>D\u00e9nomination sociale : PRODUCTA VIGNOBLES<br \/>\nSoci\u00e9t\u00e9 Anonyme au capital de : SA au capital de 1 630 912 \u20ac<br \/>\nRCS : BORDEAUX 380 940\u00a0692<br \/>\nSi\u00e8ge social : 13 avenue de La R\u00e9sistance 33310 LORMONT cedex<br \/>\nRepr\u00e9sentant l\u00e9gal : Camille Dujardin<br \/>\nDirecteur de la publication : Camille Dujardin<br \/>\nContact : producta@producta.com<br \/>\nConception et h\u00e9bergement : <a title=\"Agence de communication digitale Bordeaux\" href=\"http:\/\/www.pixelus.fr\" target=\"_blank\" rel=\"noopener\">Pixelus<\/a><\/p>\n<p>&nbsp;<\/p>\n<p>PRODUCTA VIGNOBLES attire l&#8217;attention des usagers de son site sur les points ci-apr\u00e8s :<\/p>\n<h3>1 &#8211; Acc\u00e8s au site :<\/h3>\n<p>&#8211; L&#8217;utilisateur de ce site reconna\u00eet disposer de la comp\u00e9tence et des moyens n\u00e9cessaires pour acc\u00e9der et utiliser ce site.<\/p>\n<p>&#8211; PRODUCTA VIGNOBLES ne saurait \u00eatre tenu responsable des \u00e9l\u00e9ments en dehors de son contr\u00f4le et des dommages qui pourraient \u00e9ventuellement \u00eatre subis par l&#8217;environnement technique de l&#8217;utilisateur et notamment, ses ordinateurs, logiciels, \u00e9quipements r\u00e9seaux et tout autre mat\u00e9riel utilis\u00e9 pour acc\u00e9der ou utiliser le service et\/ou les informations.<\/p>\n<p>&#8211; Il est rappel\u00e9 que le fait d&#8217;acc\u00e9der ou de se maintenir frauduleusement dans un syst\u00e8me informatique, d&#8217;entraver ou de fausser le fonctionnement d&#8217;un tel syst\u00e8me, d&#8217;introduire ou de modifier frauduleusement des donn\u00e9es dans un syst\u00e8me informatique constituent des d\u00e9lits passibles de sanctions p\u00e9nales.<\/p>\n<p>&#8211; L&#8217;acc\u00e8s au site producta.com est gratuit. Les frais d&#8217;acc\u00e8s et d&#8217;utilisation du r\u00e9seau de t\u00e9l\u00e9communication sont \u00e0 la charge du client, selon les modalit\u00e9s fix\u00e9es par ses fournisseurs d&#8217;acc\u00e8s et op\u00e9rateurs de t\u00e9l\u00e9communication.<\/p>\n<h3>2 &#8211; Propri\u00e9t\u00e9 Intellectuelle :<\/h3>\n<p>&#8211; PRODUCTA VIGNOBLES est propri\u00e9taire, ou titulaire des droits, de tous les \u00e9l\u00e9ments qui composent ce site notamment les donn\u00e9es et photos. Toute reproduction, repr\u00e9sentation, diffusion ou rediffusion, totale ou partielle, du contenu de ce site par quelque proc\u00e9d\u00e9 que ce soit sans l&#8217;autorisation expresse et pr\u00e9alable de PRODUCTA VIGNOBLES est interdite, et constituerait une contrefa\u00e7on sanctionn\u00e9e par les articles L 335 \u2013 2 et suivants du Code de la Propri\u00e9t\u00e9 Intellectuelle.<\/p>\n<p>&#8211; Les marques de l&#8217;\u00e9diteur du site producta.com et de ses produits, ainsi que les logos figurant sur le site sont des marques d\u00e9pos\u00e9es. Toute reproduction totale ou partielle de ces marques ou de ces logos, effectu\u00e9e \u00e0 partir des \u00e9l\u00e9ments du site sans l&#8217;autorisation expresse de PRODUCTA VIGNOBLES est donc prohib\u00e9e, au sens de l&#8217;article L 713 \u2013 2 du Code la Propri\u00e9t\u00e9 Intellectuelle.<\/p>\n<h3>3 &#8211; Contenu du site :<\/h3>\n<p>&#8211; PRODUCTA VIGNOBLES se r\u00e9serve le droit de corriger, \u00e0 tout moment et sans pr\u00e9avis, le contenu de ce site. En outre, PRODUCTA VIGNOBLES d\u00e9cline toute responsabilit\u00e9 en cas de retard, d&#8217;erreur ou d&#8217;omission quant au contenu des pr\u00e9sentes pages de m\u00eame qu&#8217;en cas d&#8217;interruption ou de non-disponibilit\u00e9 du service.<\/p>\n<h3>4 &#8211; Liens Hypertextes :<\/h3>\n<p>&#8211; La cr\u00e9ation de liens hypertextes vers le site producta.com doit faire l&#8217;objet d&#8217;une autorisation pr\u00e9alable de l&#8217;\u00e9diteur.<\/p>\n<h3>5 &#8211; Cookies :<\/h3>\n<p>&#8211; L&#8217;utilisateur est inform\u00e9 que lors de ses visites sur le site, un cookie peut s&#8217;installer automatiquement et \u00eatre conserv\u00e9 temporairement en m\u00e9moire ou sur son disque dur. Un cookie est un \u00e9l\u00e9ment qui ne permet pas d&#8217;identifier l&#8217;utilisateur mais sert \u00e0 enregistrer des informations relatives \u00e0 la navigation de celui-ci sur le site internet. Les utilisateurs du site reconnaissent avoir \u00e9t\u00e9 inform\u00e9s de cette pratique et autorisent PRODUCTA VIGNOBLES \u00e0 l&#8217;employer. Ils pourront d\u00e9sactiver ce cookie par l&#8217;interm\u00e9diaire des param\u00e8tres figurant au sein de leur logiciel de navigation<\/p>\n<h3>6 \u2013 Informatique et Libert\u00e9s :<\/h3>\n<p>Conform\u00e9ment \u00e0 la loi \u00ab Informatique et Libert\u00e9s \u00bb du 6 janvier 1978 modifi\u00e9e, vous disposez d&#8217;un droit d&#8217;acc\u00e8s, de modification, de rectification et de suppression des donn\u00e9es vous concernant.<\/p>\n<p>Pour toute demande, adressez-vous \u00e0 : producta@producta.com<\/p>\n","protected":false},"excerpt":{"rendered":"D\u00e9nomination sociale : PRODUCTA VIGNOBLES Soci\u00e9t\u00e9 Anony [&hellip;]","protected":false},"author":740064,"featured_media":0,"parent":0,"menu_order":0,"comment_status":"closed","ping_status":"closed","template":"page-templates\/mentions.php","meta":{"_acf_changed":false,"footnotes":""},"class_list":["post-19421","page","type-page","status-publish","hentry"],"acf":[],"yoast_head":"<!-- This site is optimized with the Yoast SEO plugin v27.2 - https:\/\/yoast.com\/product\/yoast-seo-wordpress\/ -->\n<title>\u6cd5\u5f8b\u58f0\u660e - Producta Vignobles<\/title>\n<meta name=\"robots\" content=\"index, follow, max-snippet:-1, max-image-preview:large, max-video-preview:-1\" \/>\n<link rel=\"canonical\" href=\"https:\/\/producta.dev3.kaizen-developments.com\/zh-hans\/mentions-legales\/\" \/>\n<meta property=\"og:locale\" content=\"zh_CN\" \/>\n<meta property=\"og:type\" content=\"article\" \/>\n<meta property=\"og:title\" content=\"\u6cd5\u5f8b\u58f0\u660e - Producta Vignobles\" \/>\n<meta property=\"og:description\" content=\"D\u00e9nomination sociale : PRODUCTA VIGNOBLES Soci\u00e9t\u00e9 Anony [&hellip;]\" \/>\n<meta property=\"og:url\" content=\"https:\/\/producta.dev3.kaizen-developments.com\/zh-hans\/mentions-legales\/\" \/>\n<meta property=\"og:site_name\" content=\"Producta Vignobles\" \/>\n<meta property=\"article:publisher\" content=\"https:\/\/www.facebook.com\/ProductaVignobles\" \/>\n<meta property=\"article:modified_time\" content=\"2022-06-21T09:01:21+00:00\" \/>\n<meta property=\"og:image\" content=\"http:\/\/producta.com\/wp-content\/uploads\/2016\/06\/producta-fbshare-1.gif\" \/>\n<meta name=\"twitter:card\" content=\"summary_large_image\" \/>\n<meta name=\"twitter:site\" content=\"@productavign_\" \/>\n<meta name=\"twitter:label1\" content=\"\u9884\u8ba1\u9605\u8bfb\u65f6\u95f4\" \/>\n\t<meta name=\"twitter:data1\" content=\"3 \u5206\" \/>\n<script type=\"application\/ld+json\" class=\"yoast-schema-graph\">{\"@context\":\"https:\/\/schema.org\",\"@graph\":[{\"@type\":\"WebPage\",\"@id\":\"https:\/\/producta.dev3.kaizen-developments.com\/zh-hans\/mentions-legales\/\",\"url\":\"https:\/\/producta.dev3.kaizen-developments.com\/zh-hans\/mentions-legales\/\",\"name\":\"\u6cd5\u5f8b\u58f0\u660e - Producta Vignobles\",\"isPartOf\":{\"@id\":\"https:\/\/producta.dev3.kaizen-developments.com\/#website\"},\"datePublished\":\"2016-05-10T09:34:38+00:00\",\"dateModified\":\"2022-06-21T09:01:21+00:00\",\"breadcrumb\":{\"@id\":\"https:\/\/producta.dev3.kaizen-developments.com\/zh-hans\/mentions-legales\/#breadcrumb\"},\"inLanguage\":\"zh-Hans\",\"potentialAction\":[{\"@type\":\"ReadAction\",\"target\":[\"https:\/\/producta.dev3.kaizen-developments.com\/zh-hans\/mentions-legales\/\"]}]},{\"@type\":\"BreadcrumbList\",\"@id\":\"https:\/\/producta.dev3.kaizen-developments.com\/zh-hans\/mentions-legales\/#breadcrumb\",\"itemListElement\":[{\"@type\":\"ListItem\",\"position\":1,\"name\":\"Accueil\",\"item\":\"https:\/\/producta.dev3.kaizen-developments.com\/zh-hans\/\"},{\"@type\":\"ListItem\",\"position\":2,\"name\":\"\u6cd5\u5f8b\u58f0\u660e\"}]},{\"@type\":\"WebSite\",\"@id\":\"https:\/\/producta.dev3.kaizen-developments.com\/#website\",\"url\":\"https:\/\/producta.dev3.kaizen-developments.com\/\",\"name\":\"Producta Vignobles\",\"description\":\"L&#039;expression Bordeaux\",\"potentialAction\":[{\"@type\":\"SearchAction\",\"target\":{\"@type\":\"EntryPoint\",\"urlTemplate\":\"https:\/\/producta.dev3.kaizen-developments.com\/?s={search_term_string}\"},\"query-input\":{\"@type\":\"PropertyValueSpecification\",\"valueRequired\":true,\"valueName\":\"search_term_string\"}}],\"inLanguage\":\"zh-Hans\"}]}<\/script>\n<!-- \/ Yoast SEO plugin. -->","yoast_head_json":{"title":"\u6cd5\u5f8b\u58f0\u660e - Producta Vignobles","robots":{"index":"index","follow":"follow","max-snippet":"max-snippet:-1","max-image-preview":"max-image-preview:large","max-video-preview":"max-video-preview:-1"},"canonical":"https:\/\/producta.dev3.kaizen-developments.com\/zh-hans\/mentions-legales\/","og_locale":"zh_CN","og_type":"article","og_title":"\u6cd5\u5f8b\u58f0\u660e - Producta Vignobles","og_description":"D\u00e9nomination sociale : PRODUCTA VIGNOBLES Soci\u00e9t\u00e9 Anony [&hellip;]","og_url":"https:\/\/producta.dev3.kaizen-developments.com\/zh-hans\/mentions-legales\/","og_site_name":"Producta Vignobles","article_publisher":"https:\/\/www.facebook.com\/ProductaVignobles","article_modified_time":"2022-06-21T09:01:21+00:00","og_image":[{"url":"http:\/\/producta.com\/wp-content\/uploads\/2016\/06\/producta-fbshare-1.gif","type":"","width":"","height":""}],"twitter_card":"summary_large_image","twitter_site":"@productavign_","twitter_misc":{"\u9884\u8ba1\u9605\u8bfb\u65f6\u95f4":"3 \u5206"},"schema":{"@context":"https:\/\/schema.org","@graph":[{"@type":"WebPage","@id":"https:\/\/producta.dev3.kaizen-developments.com\/zh-hans\/mentions-legales\/","url":"https:\/\/producta.dev3.kaizen-developments.com\/zh-hans\/mentions-legales\/","name":"\u6cd5\u5f8b\u58f0\u660e - Producta Vignobles","isPartOf":{"@id":"https:\/\/producta.dev3.kaizen-developments.com\/#website"},"datePublished":"2016-05-10T09:34:38+00:00","dateModified":"2022-06-21T09:01:21+00:00","breadcrumb":{"@id":"https:\/\/producta.dev3.kaizen-developments.com\/zh-hans\/mentions-legales\/#breadcrumb"},"inLanguage":"zh-Hans","potentialAction":[{"@type":"ReadAction","target":["https:\/\/producta.dev3.kaizen-developments.com\/zh-hans\/mentions-legales\/"]}]},{"@type":"BreadcrumbList","@id":"https:\/\/producta.dev3.kaizen-developments.com\/zh-hans\/mentions-legales\/#breadcrumb","itemListElement":[{"@type":"ListItem","position":1,"name":"Accueil","item":"https:\/\/producta.dev3.kaizen-developments.com\/zh-hans\/"},{"@type":"ListItem","position":2,"name":"\u6cd5\u5f8b\u58f0\u660e"}]},{"@type":"WebSite","@id":"https:\/\/producta.dev3.kaizen-developments.com\/#website","url":"https:\/\/producta.dev3.kaizen-developments.com\/","name":"Producta Vignobles","description":"L&#039;expression Bordeaux","potentialAction":[{"@type":"SearchAction","target":{"@type":"EntryPoint","urlTemplate":"https:\/\/producta.dev3.kaizen-developments.com\/?s={search_term_string}"},"query-input":{"@type":"PropertyValueSpecification","valueRequired":true,"valueName":"search_term_string"}}],"inLanguage":"zh-Hans"}]}},"_links":{"self":[{"href":"https:\/\/producta.com\/zh-hans\/wp-json\/wp\/v2\/pages\/19421","targetHints":{"allow":["GET"]}}],"collection":[{"href":"https:\/\/producta.com\/zh-hans\/wp-json\/wp\/v2\/pages"}],"about":[{"href":"https:\/\/producta.com\/zh-hans\/wp-json\/wp\/v2\/types\/page"}],"author":[{"embeddable":true,"href":"https:\/\/producta.com\/zh-hans\/wp-json\/wp\/v2\/users\/740064"}],"replies":[{"embeddable":true,"href":"https:\/\/producta.com\/zh-hans\/wp-json\/wp\/v2\/comments?post=19421"}],"version-history":[{"count":0,"href":"https:\/\/producta.com\/zh-hans\/wp-json\/wp\/v2\/pages\/19421\/revisions"}],"wp:attachment":[{"href":"https:\/\/producta.com\/zh-hans\/wp-json\/wp\/v2\/media?parent=19421"}],"curies":[{"name":"wp","href":"https:\/\/api.w.org\/{rel}","templated":true}]}}